{"id":4712,"date":"2023-06-01T03:35:51","date_gmt":"2023-06-01T01:35:51","guid":{"rendered":"https:\/\/100autossurlan7.com\/?page_id=4712"},"modified":"2024-06-19T09:11:01","modified_gmt":"2024-06-19T03:41:01","slug":"mentions-legales","status":"publish","type":"page","link":"https:\/\/100autossurlan7.com\/?page_id=4712","title":{"rendered":"Mentions l\u00e9gales"},"content":{"rendered":"\n<p class=\"wp-block-paragraph\">Conform\u00e9ment aux dispositions de la loi n\u00b0 2004-575 du 21 juin 2004 pour la confiance en l&rsquo;\u00e9conomie num\u00e9rique, il est pr\u00e9cis\u00e9 aux utilisateurs du site <strong>VOTRESITE<\/strong> l&rsquo;identit\u00e9 des diff\u00e9rents intervenants dans le cadre de sa r\u00e9alisation et de son suivi.<\/p>\n\n\n\n<p class=\"wp-block-paragraph\"><strong>Edition du site&nbsp;<\/strong><\/p>\n\n\n\n<p class=\"wp-block-paragraph\">Le pr\u00e9sent site, accessible \u00e0 l\u2019URL <strong>VOTRESITE<\/strong> (le \u00ab Site \u00bb), est \u00e9dit\u00e9 par :<\/p>\n\n\n\n<p class=\"wp-block-paragraph\">Prenom <strong>Nom<\/strong>, r\u00e9sidant <strong>Votre adresse,<\/strong> de nationalit\u00e9 Fran\u00e7aise (France), n\u00e9(e) le 01\/01\/1901,<br><\/p>\n\n\n\n<p class=\"wp-block-paragraph\"><strong>H\u00e9bergement<\/strong><\/p>\n\n\n\n<p class=\"wp-block-paragraph\"><br>Le Site est h\u00e9berg\u00e9 par la soci\u00e9t\u00e9 O2Switch, situ\u00e9 222 Boulevard Gustave Flaubert, 63000 Clermont-Ferrand, (contact t\u00e9l\u00e9phonique ou email : (+33) 4 44 44 60 40).<\/p>\n\n\n\n<p class=\"wp-block-paragraph\"><strong>Directeur de publication&nbsp;<\/strong><\/p>\n\n\n\n<p class=\"wp-block-paragraph\"><br>Le Directeur de la publication du Site est <strong>Prenom Nom<\/strong>.<\/p>\n\n\n\n<p class=\"wp-block-paragraph\"><strong>Nous contacter&nbsp;<\/strong><\/p>\n\n\n\n<p class=\"wp-block-paragraph\"><br>Par t\u00e9l\u00e9phone&nbsp;: +33623010101<\/p>\n\n\n\n<p class=\"wp-block-paragraph\">Par email&nbsp;: votre@mail.fr<\/p>\n\n\n\n<p class=\"wp-block-paragraph\">Par courrier\u00a0: <strong>Votre adresse<\/strong><\/p>\n\n\n\n<h4 class=\"wp-block-heading\"><\/h4>\n","protected":false},"excerpt":{"rendered":"<p>Conform\u00e9ment aux dispositions de la loi n\u00b0 2004-575 du 21 juin 2004 pour la confiance en l&rsquo;\u00e9conomie num\u00e9rique, il est [&hellip;]<\/p>\n","protected":false},"author":4,"featured_media":0,"parent":0,"menu_order":0,"comment_status":"closed","ping_status":"closed","template":"","meta":{"_crdt_document":"","site-sidebar-layout":"default","site-content-layout":"","ast-site-content-layout":"default","site-content-style":"default","site-sidebar-style":"default","ast-global-header-display":"","ast-banner-title-visibility":"","ast-main-header-display":"","ast-hfb-above-header-display":"","ast-hfb-below-header-display":"","ast-hfb-mobile-header-display":"","site-post-title":"","ast-breadcrumbs-content":"","ast-featured-img":"","footer-sml-layout":"","ast-disable-related-posts":"","theme-transparent-header-meta":"","adv-header-id-meta":"","stick-header-meta":"","header-above-stick-meta":"","header-main-stick-meta":"","header-below-stick-meta":"","astra-migrate-meta-layouts":"default","ast-page-background-enabled":"default","ast-page-background-meta":{"desktop":{"background-color":"var(--ast-global-color-4)","background-image":"","background-repeat":"repeat","background-position":"center center","background-size":"auto","background-attachment":"scroll","background-type":"","background-media":"","overlay-type":"","overlay-color":"","overlay-opacity":"","overlay-gradient":""},"tablet":{"background-color":"","background-image":"","background-repeat":"repeat","background-position":"center center","background-size":"auto","background-attachment":"scroll","background-type":"","background-media":"","overlay-type":"","overlay-color":"","overlay-opacity":"","overlay-gradient":""},"mobile":{"background-color":"","background-image":"","background-repeat":"repeat","background-position":"center center","background-size":"auto","background-attachment":"scroll","background-type":"","background-media":"","overlay-type":"","overlay-color":"","overlay-opacity":"","overlay-gradient":""}},"ast-content-background-meta":{"desktop":{"background-color":"var(--ast-global-color-5)","background-image":"","background-repeat":"repeat","background-position":"center center","background-size":"auto","background-attachment":"scroll","background-type":"","background-media":"","overlay-type":"","overlay-color":"","overlay-opacity":"","overlay-gradient":""},"tablet":{"background-color":"var(--ast-global-color-5)","background-image":"","background-repeat":"repeat","background-position":"center center","background-size":"auto","background-attachment":"scroll","background-type":"","background-media":"","overlay-type":"","overlay-color":"","overlay-opacity":"","overlay-gradient":""},"mobile":{"background-color":"var(--ast-global-color-5)","background-image":"","background-repeat":"repeat","background-position":"center center","background-size":"auto","background-attachment":"scroll","background-type":"","background-media":"","overlay-type":"","overlay-color":"","overlay-opacity":"","overlay-gradient":""}},"footnotes":""},"class_list":["post-4712","page","type-page","status-publish","hentry"],"_links":{"self":[{"href":"https:\/\/100autossurlan7.com\/index.php?rest_route=\/wp\/v2\/pages\/4712","targetHints":{"allow":["GET"]}}],"collection":[{"href":"https:\/\/100autossurlan7.com\/index.php?rest_route=\/wp\/v2\/pages"}],"about":[{"href":"https:\/\/100autossurlan7.com\/index.php?rest_route=\/wp\/v2\/types\/page"}],"author":[{"embeddable":true,"href":"https:\/\/100autossurlan7.com\/index.php?rest_route=\/wp\/v2\/users\/4"}],"replies":[{"embeddable":true,"href":"https:\/\/100autossurlan7.com\/index.php?rest_route=%2Fwp%2Fv2%2Fcomments&post=4712"}],"version-history":[{"count":0,"href":"https:\/\/100autossurlan7.com\/index.php?rest_route=\/wp\/v2\/pages\/4712\/revisions"}],"wp:attachment":[{"href":"https:\/\/100autossurlan7.com\/index.php?rest_route=%2Fwp%2Fv2%2Fmedia&parent=4712"}],"curies":[{"name":"wp","href":"https:\/\/api.w.org\/{rel}","templated":true}]}}