{"id":5690,"date":"2024-06-18T09:33:07","date_gmt":"2024-06-18T04:03:07","guid":{"rendered":"https:\/\/100autossurlan7.com\/?page_id=5690"},"modified":"2024-06-18T09:33:33","modified_gmt":"2024-06-18T04:03:33","slug":"plan-du-site","status":"publish","type":"page","link":"https:\/\/100autossurlan7.com\/?page_id=5690","title":{"rendered":"Plan du site"},"content":{"rendered":"\n<ul class=\"wp-block-list\">\n<li><div class=\"wsp-container\"><h2 class=\"wsp-posts-title\"><span class=\"ez-toc-section\" id=\"Articles-par-categorie\"><\/span>Articles par cat\u00e9gorie<span class=\"ez-toc-section-end\"><\/span><\/h2>\n<ul class=\"wsp-posts-list\">\n\t<li><strong class=\"wsp-category-title\">Cat\u00e9gorie\u00a0: <a href=\"https:\/\/100autossurlan7.com\/?cat=1\">blog<\/a><\/strong>\n<ul class=\"wsp-posts-list\">\t<li><strong class=\"wsp-category-title\">Cat\u00e9gorie\u00a0: <a href=\"https:\/\/100autossurlan7.com\/?cat=1538\">Entretien<\/a><\/strong>\n<ul class=\"wsp-posts-list\">\t<li><strong class=\"wsp-category-title\">Cat\u00e9gorie\u00a0: <a href=\"https:\/\/100autossurlan7.com\/?cat=1542\">Huile et Filtration<\/a><\/strong>\n<ul class=\"wsp-posts-list\">\t\t<li class=\"wsp-post\"><a href=\"https:\/\/100autossurlan7.com\/?p=5826\">Quelles huiles et filtres utiliser pour votre v\u00e9hicule ?<\/a><\/li>\n\t\t<li class=\"wsp-post\"><a href=\"https:\/\/100autossurlan7.com\/?p=5822\">Quel est le co\u00fbt du remplacement de l&rsquo;huile et des filtres ?<\/a><\/li>\n\t\t<li class=\"wsp-post\"><a href=\"https:\/\/100autossurlan7.com\/?p=5818\">Quels outils sont indispensables pour changer l&rsquo;huile ?<\/a><\/li>\n\t\t<li class=\"wsp-post\"><a href=\"https:\/\/100autossurlan7.com\/?p=5814\">O\u00f9 chercher des filtres compatibles ?<\/a><\/li>\n\t\t<li class=\"wsp-post\"><a href=\"https:\/\/100autossurlan7.com\/?p=5810\">Comment choisir le bon type d&rsquo;huile pour votre voiture ?<\/a><\/li>\n\t\t<li class=\"wsp-post\"><a href=\"https:\/\/100autossurlan7.com\/?p=5794\">Quelle est la fr\u00e9quence recommand\u00e9e pour changer l&rsquo;huile ?<\/a><\/li>\n<\/ul><\/li>\n\t<li><strong class=\"wsp-category-title\">Cat\u00e9gorie\u00a0: <a href=\"https:\/\/100autossurlan7.com\/?cat=1544\">Syst\u00e8me de Refroidissement<\/a><\/strong>\n<ul class=\"wsp-posts-list\">\t\t<li class=\"wsp-post\"><a href=\"https:\/\/100autossurlan7.com\/?p=5828\">Pourquoi est-il crucial de maintenir le syst\u00e8me de refroidissement ?<\/a><\/li>\n\t\t<li class=\"wsp-post\"><a href=\"https:\/\/100autossurlan7.com\/?p=5824\">Comment inspecter correctement les tuyaux et les joints ?<\/a><\/li>\n\t\t<li class=\"wsp-post\"><a href=\"https:\/\/100autossurlan7.com\/?p=5820\">Comment rep\u00e9rer les fuites dans le syst\u00e8me de refroidissement ?<\/a><\/li>\n\t\t<li class=\"wsp-post\"><a href=\"https:\/\/100autossurlan7.com\/?p=5816\">Quel liquide de refroidissement utiliser pour mon v\u00e9hicule ?<\/a><\/li>\n\t\t<li class=\"wsp-post\"><a href=\"https:\/\/100autossurlan7.com\/?p=5812\">Comment reconna\u00eetre les signes d&rsquo;un probl\u00e8me dans le syst\u00e8me de refroidissement ?<\/a><\/li>\n\t\t<li class=\"wsp-post\"><a href=\"https:\/\/100autossurlan7.com\/?p=5796\">Quelle quantit\u00e9 de liquide de refroidissement doit-on ajouter ?<\/a><\/li>\n<\/ul><\/li>\n<\/ul><\/li>\n<\/ul><\/li>\n<\/ul>\n<\/div><\/li>\n\n\n\n<li><div class=\"wsp-container\"><h2 class=\"wsp-pages-title\"><span class=\"ez-toc-section\" id=\"Pages\"><\/span>Pages<span class=\"ez-toc-section-end\"><\/span><\/h2>\n<ul class=\"wsp-pages-list\">\n<li class=\"page_item page-item-5773 menu-item\"><a href=\"https:\/\/100autossurlan7.com\/?page_id=5773\" class=\"menu-link\">Anciennes voitures<\/a><\/li>\n<li class=\"page_item page-item-4569 menu-item\"><a href=\"https:\/\/100autossurlan7.com\/?page_id=4569\" class=\"menu-link\">Contact<\/a><\/li>\n<li class=\"page_item page-item-5775 menu-item\"><a href=\"https:\/\/100autossurlan7.com\/?page_id=5775\" class=\"menu-link\">Mat\u00e9riels<\/a><\/li>\n<li class=\"page_item page-item-4712 menu-item\"><a href=\"https:\/\/100autossurlan7.com\/?page_id=4712\" class=\"menu-link\">Mentions l\u00e9gales<\/a><\/li>\n<li class=\"page_item page-item-5690 menu-item\"><a href=\"https:\/\/100autossurlan7.com\/?page_id=5690\" class=\"menu-link\">Plan du site<\/a><\/li>\n<li class=\"page_item page-item-4720 menu-item\"><a href=\"https:\/\/100autossurlan7.com\/?page_id=4720\" class=\"menu-link\">Privacy Policy<\/a><\/li>\n<li class=\"page_item page-item-5788 menu-item\"><a href=\"https:\/\/100autossurlan7.com\/?page_id=5788\" class=\"menu-link\">Quelles sont les particularit\u00e9s des anciennes voitures ?<\/a><\/li>\n<\/ul>\n<\/div><\/li>\n<\/ul>\n","protected":false},"excerpt":{"rendered":"","protected":false},"author":4,"featured_media":0,"parent":0,"menu_order":0,"comment_status":"closed","ping_status":"closed","template":"","meta":{"_crdt_document":"","site-sidebar-layout":"default","site-content-layout":"","ast-site-content-layout":"default","site-content-style":"default","site-sidebar-style":"default","ast-global-header-display":"","ast-banner-title-visibility":"","ast-main-header-display":"","ast-hfb-above-header-display":"","ast-hfb-below-header-display":"","ast-hfb-mobile-header-display":"","site-post-title":"","ast-breadcrumbs-content":"","ast-featured-img":"","footer-sml-layout":"","ast-disable-related-posts":"","theme-transparent-header-meta":"","adv-header-id-meta":"","stick-header-meta":"","header-above-stick-meta":"","header-main-stick-meta":"","header-below-stick-meta":"","astra-migrate-meta-layouts":"default","ast-page-background-enabled":"default","ast-page-background-meta":{"desktop":{"background-color":"var(--ast-global-color-4)","background-image":"","background-repeat":"repeat","background-position":"center center","background-size":"auto","background-attachment":"scroll","background-type":"","background-media":"","overlay-type":"","overlay-color":"","overlay-opacity":"","overlay-gradient":""},"tablet":{"background-color":"","background-image":"","background-repeat":"repeat","background-position":"center center","background-size":"auto","background-attachment":"scroll","background-type":"","background-media":"","overlay-type":"","overlay-color":"","overlay-opacity":"","overlay-gradient":""},"mobile":{"background-color":"","background-image":"","background-repeat":"repeat","background-position":"center center","background-size":"auto","background-attachment":"scroll","background-type":"","background-media":"","overlay-type":"","overlay-color":"","overlay-opacity":"","overlay-gradient":""}},"ast-content-background-meta":{"desktop":{"background-color":"var(--ast-global-color-5)","background-image":"","background-repeat":"repeat","background-position":"center center","background-size":"auto","background-attachment":"scroll","background-type":"","background-media":"","overlay-type":"","overlay-color":"","overlay-opacity":"","overlay-gradient":""},"tablet":{"background-color":"var(--ast-global-color-5)","background-image":"","background-repeat":"repeat","background-position":"center center","background-size":"auto","background-attachment":"scroll","background-type":"","background-media":"","overlay-type":"","overlay-color":"","overlay-opacity":"","overlay-gradient":""},"mobile":{"background-color":"var(--ast-global-color-5)","background-image":"","background-repeat":"repeat","background-position":"center center","background-size":"auto","background-attachment":"scroll","background-type":"","background-media":"","overlay-type":"","overlay-color":"","overlay-opacity":"","overlay-gradient":""}},"footnotes":""},"class_list":["post-5690","page","type-page","status-publish","hentry"],"_links":{"self":[{"href":"https:\/\/100autossurlan7.com\/index.php?rest_route=\/wp\/v2\/pages\/5690","targetHints":{"allow":["GET"]}}],"collection":[{"href":"https:\/\/100autossurlan7.com\/index.php?rest_route=\/wp\/v2\/pages"}],"about":[{"href":"https:\/\/100autossurlan7.com\/index.php?rest_route=\/wp\/v2\/types\/page"}],"author":[{"embeddable":true,"href":"https:\/\/100autossurlan7.com\/index.php?rest_route=\/wp\/v2\/users\/4"}],"replies":[{"embeddable":true,"href":"https:\/\/100autossurlan7.com\/index.php?rest_route=%2Fwp%2Fv2%2Fcomments&post=5690"}],"version-history":[{"count":0,"href":"https:\/\/100autossurlan7.com\/index.php?rest_route=\/wp\/v2\/pages\/5690\/revisions"}],"wp:attachment":[{"href":"https:\/\/100autossurlan7.com\/index.php?rest_route=%2Fwp%2Fv2%2Fmedia&parent=5690"}],"curies":[{"name":"wp","href":"https:\/\/api.w.org\/{rel}","templated":true}]}}